{"id":91464,"date":"2022-03-29T14:03:13","date_gmt":"2022-03-29T12:03:13","guid":{"rendered":"https:\/\/grupogubia.com\/cookies-policy\/"},"modified":"2022-09-23T12:03:06","modified_gmt":"2022-09-23T10:03:06","slug":"cookies-policy","status":"publish","type":"page","link":"https:\/\/grupogubia.com\/en\/cookies-policy\/","title":{"rendered":"Cookies Policy"},"content":{"rendered":"\t\t<div data-elementor-type=\"wp-page\" data-elementor-id=\"91464\" class=\"elementor elementor-91464 elementor-3227\">\n\t\t\t\t\t\t<section class=\"elementor-section elementor-top-section elementor-element elementor-element-79f7af7 elementor-section-boxed elementor-section-height-default elementor-section-height-default\" data-id=\"79f7af7\" data-element_type=\"section\">\n\t\t\t\t\t\t<div class=\"elementor-container elementor-column-gap-default\">\n\t\t\t\t\t<div class=\"elementor-column elementor-col-100 elementor-top-column elementor-element elementor-element-7071f66\" data-id=\"7071f66\" data-element_type=\"column\">\n\t\t\t<div class=\"elementor-widget-wrap elementor-element-populated\">\n\t\t\t\t\t\t<div class=\"elementor-element elementor-element-f9ade52 elementor-widget elementor-widget-text-editor\" data-id=\"f9ade52\" data-element_type=\"widget\" data-widget_type=\"text-editor.default\">\n\t\t\t\t<div class=\"elementor-widget-container\">\n\t\t\t\t\t\t\t\t\t<h1 class=\"entry-title main_title\">Pol\u00edtica de Cookies<\/h1><div class=\"entry-content\"><p>En cumplimiento con el art\u00edculo 22 de la Ley 34\/2002, de 11 de julio, de servicios de la sociedad de la informaci\u00f3n y de comercio electr\u00f3nico (LSSI), en relaci\u00f3n con el Reglamento (UE) 2016\/679 del Parlamento Europeo y del Consejo, de 27 de abril de 2016, General de Protecci\u00f3n de Datos (RGPD) y la Ley Org\u00e1nica 3\/2018, de 5 de diciembre, de Protecci\u00f3n de Datos y garant\u00eda de los derechos digitales (LOPDGDD), <strong>Gubia_Sevilla S.L.<\/strong> pone a disposici\u00f3n de los usuarios la Pol\u00edtica de recogida y tratamiento de cookies del sitio Web.<\/p><p>\u00a0<\/p><h2>Qu\u00e9 son las Cookies<\/h2><p>Una cookie es un fichero que se descarga en tu ordenador al entrar a determinadas p\u00e1ginas web. Las cookies permiten a una p\u00e1gina web, entre otras cosas, almacenar y recuperar informaci\u00f3n sobre tus h\u00e1bitos de navegaci\u00f3n y \u2014dependiendo de la informaci\u00f3n que contengan y de la forma en que utilices tu equipo\u2014 pueden utilizarse para identificarte.<\/p><p>\u00a0<\/p><h2>Cookies utilizadas en el sitio web<\/h2><p>A continuaci\u00f3n se clasifican las cookies utilizadas por el sitio web <strong>https:\/\/grupogubia.com\/<\/strong>:<\/p><p>\u00a0<\/p><p><b>Seg\u00fan la entidad que las gestiona<\/b><\/p><ul><li><b>Cookies propias:<\/b>\u00a0Son aquellas enviadas y gestionadas directamente por <strong>Gubia_Sevilla S.L.<\/strong><\/li><li><b>Cookies de terceros:<\/b> Son aquellas que se env\u00edan al usuario desde un dominio ajeno a <strong>Gubia_Sevilla S.L.<\/strong><\/li><\/ul><p>\u00a0<\/p><p><b>Seg\u00fan su finalidad<\/b><\/p><ul><li><b>Cookies t\u00e9cnicas:<\/b> Son aquellas que permiten a los usuarios registrados navegar a trav\u00e9s del sitio web, del \u00e1rea restringida y a utilizar sus diferentes funciones, como por ejemplo, el sistema de comentarios o el buscador.<\/li><li><b>Cookies de personalizaci\u00f3n:<\/b> Son aquellas que permiten a los usuarios acceder al Servicio con algunas caracter\u00edsticas de car\u00e1cter general predefinidas en funci\u00f3n de una serie de criterios establecidos por el usuario como, por ejemplo, el idioma o el tipo de navegador a trav\u00e9s del cual se conecta a este sitio web.<\/li><li><b>Cookies de an\u00e1lisis o medici\u00f3n:<\/b>\u00a0Son aquellas que, bien tratadas por el sitio Web o por terceros, permiten cuantificar el n\u00famero de usuarios y as\u00ed realizar la medici\u00f3n y an\u00e1lisis estad\u00edstico de la utilizaci\u00f3n que hacen los usuarios del sitio Web. Para ello se analiza la navegaci\u00f3n que realizas en este sitio Web con el fin de mejorarlo.<\/li><\/ul><p>\u00a0<\/p><p><b>Seg\u00fan su duraci\u00f3n<\/b><\/p><ul><li><b>Cookies de sesi\u00f3n:<\/b> Son aquellas dise\u00f1adas para recabar y almacenar datos mientras el usuario accede al sitio web.<\/li><li><b>Cookies persistentes:<\/b>\u00a0Son aquellas en las que los datos siguen almacenados en el terminal del usuario y pueden ser accedidos y tratados durante un per\u00edodo definido por el responsable de la cookie.<\/li><\/ul><p>\u00a0<\/p><h2>Listado de cookies utilizadas<\/h2><p>Este sitio Web puede instalar las siguientes cookies:<\/p><p><b>Cookies t\u00e9cnicas<\/b><\/p><ul><li><b>wp-settings-{user_id}:<\/b>\u00a0Cookie t\u00e9cnica que se usa para mantener la configuraci\u00f3n del usuario en wp-admin. Es persistente y tiene una duraci\u00f3n de 1 a\u00f1o.<\/li><li><b>hasConsent:<\/b>\u00a0Cookie t\u00e9cnica que almacena el consentimiento del usuario. Es persistente y tiene una duraci\u00f3n de 1 a\u00f1o.<\/li><\/ul><p>\u00a0<\/p><p><b>Cookies de an\u00e1lisis o medici\u00f3n<\/b><\/p><ul><li><b>_ga:<\/b>\u00a0Cookie Anal\u00edtica que habilita la funci\u00f3n de control de visitas \u00fanicas. Es persistente y tiene una duraci\u00f3n de 2 a\u00f1os.<\/li><li><b>_gat:<\/b>\u00a0Cookie Anal\u00edtica para limitar el n\u00famero de solicitudes. Su \u00e1mbito es la sesi\u00f3n y tiene una duraci\u00f3n de 1 minuto.<\/li><li><b>_gid:<\/b>\u00a0Cookie Anal\u00edtica para distinguir usuarios. Su \u00e1mbito es la sesi\u00f3n y tiene una duraci\u00f3n de 24 horas.<\/li><\/ul><p>\u00a0<\/p><p>Informaci\u00f3n adicional:<\/p><ul><li>Google Analytics puede instalar otras cookies seg\u00fan el documento\u00a0<a href=\"https:\/\/developers.google.com\/analytics\/devguides\/collection\/analyticsjs\/cookie-usage?hl=es\" target=\"_blank\" rel=\"noopener noreferrer nofollow\">Uso de las cookies de Google Analytics en sitios web<\/a>.<\/li><\/ul><p>\u00a0<\/p><p>El sitio web puede instalar otras cookies:<\/p><p>nextendsession wp-wpml_current_admin_language_d41d8cd98f00b204e9800998ecf8427e wp-wpml_current_language wordpress_test_cookie et-editor-available-post-19-fb et-pb-recent-items-colors et-editor-available-post-19-bb __utmz __utma __utmc __utmt __utmb wp-settings-*<\/p><p>\u00a0<\/p><h2>Aceptaci\u00f3n o rechazo de la instalaci\u00f3n de cookies<\/h2><p><strong>Gubia_Sevilla S.L.<\/strong> muestra informaci\u00f3n sobre su Pol\u00edtica de cookies en el banner de cookies accesible en todas las p\u00e1ginas del sitio web. El banner de cookies muestra informaci\u00f3n esencial sobre el tratamiento de datos y permite al usuario realizar las siguientes acciones:<\/p><ul><li><b>Aceptar o rechazar la instalaci\u00f3n de cookies<\/b>, o retirar el consentimiento previamente otorgado. , a la que puedes acceder desde el Aviso de Cookies.<\/li><li><b>Obtener informaci\u00f3n adicional<\/b>\u00a0sobre la Pol\u00edtica de Cookies desde la p\u00e1gina\u00a0<a href=\"https:\/\/grupogubia.com\/politica-de-cookies\/\">Pol\u00edtica de cookies<\/a>.<\/li><\/ul><p>\u00a0<\/p><h2>Eliminaci\u00f3n de cookies<\/h2><p>Puedes aceptar, bloquear o eliminar las cookies instaladas en tu equipo mediante la configuraci\u00f3n de las opciones del navegador, pero parte del sitio no funcionar\u00e1 correctamente o su calidad puede verse afectada.<\/p><p>En los siguientes enlaces encontrar\u00e1s instrucciones para habilitar o deshabilitar las cookies en los navegadores m\u00e1s comunes.<\/p><ul><li><b>Firefox<\/b>\u00a0<a href=\"https:\/\/support.mozilla.org\/es\/kb\/habilitar-y-deshabilitar-cookies-sitios-web-rastrear-preferencias?redirectslug=habilitar-y-deshabilitar-cookies-que-los-sitios-we&#038;redirectlocale=es\" target=\"_blank\" rel=\"nofollow noopener\">https:\/\/support.mozilla.org\/es\/kb\/habilitar-y-deshabilitar-cookies-sitios-web-rastrear-preferencias?redirectslug=habilitar-y-deshabilitar-cookies-que-los-sitios-we&#038;redirectlocale=es<\/a><\/li><li><b>Google Chrome<\/b>\u00a0<a href=\"https:\/\/support.google.com\/chrome\/answer\/95647?hl=es\" target=\"_blank\" rel=\"noopener noreferrer nofollow\">https:\/\/support.google.com\/chrome\/answer\/95647?hl=es<\/a><\/li><li><b>Internet Explorer<\/b>\u00a0<a href=\"https:\/\/support.microsoft.com\/es-es\/windows\/eliminar-y-administrar-cookies-168dab11-0753-043d-7c16-ede5947fc64d#ie=%22ie-10%22\" target=\"_blank\" rel=\"noopener noreferrer nofollow\">https:\/\/support.microsoft.com\/es-es\/help\/17442\/windows-internet-explorer-delete-manage-cookies#ie=&#8221;ie-10&#8243;<\/a><\/li><li><b>Microsoft Edge<\/b>\u00a0<a href=\"https:\/\/support.microsoft.com\/es-es\/windows\/microsoft-edge-datos-de-exploraci%C3%B3n-y-privacidad-bb8174ba-9d73-dcf2-9b4a-c582b4e640dd\" target=\"_blank\" rel=\"noopener noreferrer nofollow\">https:\/\/support.microsoft.com\/es-es\/windows\/microsoft-edge-datos-de-exploraci%C3%B3n-y-privacidad-bb8174ba-9d73-dcf2-9b4a-c582b4e640dd<\/a><\/li><li><b>Safari<\/b>\u00a0<a href=\"https:\/\/support.apple.com\/es-es\/HT201265\" target=\"_blank\" rel=\"nofollow noopener\">https:\/\/support.apple.com\/es-es\/HT201265<\/a><\/li><\/ul><p>\u00a0<\/p><h2>Tratamiento de Datos Personales<\/h2><p><strong>Gubia_Sevilla S.L.<\/strong> es el Responsable del tratamiento de los datos personales del usuario. Puedes consultar toda la informaci\u00f3n relativa al tratamiento de datos personales que recoge el Titular en la p\u00e1gina de <a href=\"https:\/\/grupogubia.com\/politica-de-privacidad\/\">Pol\u00edtica de Privacidad<\/a>.<\/p><p>\u00a0<\/p><\/div><div id=\"main-content\"><div class=\"container\"><div id=\"content-area\" class=\"clearfix\"><div id=\"left-area\"><article id=\"post-73628\" class=\"post-73628 page type-page status-publish hentry\"><div class=\"entry-content\"><h2>Contacto<\/h2><p>En caso de que tengas cualquier duda acerca de esta Pol\u00edtica de Cookies o quieras realizar cualquier comentario sobre este sitio web, puedes enviar un mensaje de correo electr\u00f3nico a la direcci\u00f3n <strong>info@grupogubia.com<\/strong>.<\/p><\/div><\/article><\/div><\/div><\/div><\/div>\t\t\t\t\t\t\t\t<\/div>\n\t\t\t\t<\/div>\n\t\t\t\t\t<\/div>\n\t\t<\/div>\n\t\t\t\t\t<\/div>\n\t\t<\/section>\n\t\t\t\t<\/div>\n\t\t","protected":false},"excerpt":{"rendered":"<p>Pol\u00edtica de Cookies En cumplimiento con el art\u00edculo 22 de la Ley 34\/2002, de 11 de julio, de servicios de la sociedad de la informaci\u00f3n y de comercio electr\u00f3nico (LSSI), en relaci\u00f3n con el Reglamento (UE) 2016\/679 del Parlamento Europeo y del Consejo, de 27 de abril de 2016, General de Protecci\u00f3n de Datos (RGPD) [&hellip;]<\/p>\n","protected":false},"author":2,"featured_media":0,"parent":0,"menu_order":0,"comment_status":"closed","ping_status":"closed","template":"elementor_header_footer","meta":{"footnotes":""},"class_list":["post-91464","page","type-page","status-publish","hentry"],"yoast_head":"<!-- This site is optimized with the Yoast SEO plugin v26.0 - https:\/\/yoast.com\/wordpress\/plugins\/seo\/ -->\n<title>Cookies Policy - Grupo Gubia<\/title>\n<meta name=\"robots\" content=\"index, follow, max-snippet:-1, max-image-preview:large, max-video-preview:-1\" \/>\n<link rel=\"canonical\" href=\"https:\/\/grupogubia.com\/en\/cookies-policy\/\" \/>\n<meta property=\"og:locale\" content=\"en_US\" \/>\n<meta property=\"og:type\" content=\"article\" \/>\n<meta property=\"og:title\" content=\"Cookies Policy - Grupo Gubia\" \/>\n<meta property=\"og:description\" content=\"Pol\u00edtica de Cookies En cumplimiento con el art\u00edculo 22 de la Ley 34\/2002, de 11 de julio, de servicios de la sociedad de la informaci\u00f3n y de comercio electr\u00f3nico (LSSI), en relaci\u00f3n con el Reglamento (UE) 2016\/679 del Parlamento Europeo y del Consejo, de 27 de abril de 2016, General de Protecci\u00f3n de Datos (RGPD) [&hellip;]\" \/>\n<meta property=\"og:url\" content=\"https:\/\/grupogubia.com\/en\/cookies-policy\/\" \/>\n<meta property=\"og:site_name\" content=\"Grupo Gubia\" \/>\n<meta property=\"article:publisher\" content=\"https:\/\/www.facebook.com\/GrupoGUBIA.Espacios.en.madera\" \/>\n<meta property=\"article:modified_time\" content=\"2022-09-23T10:03:06+00:00\" \/>\n<meta name=\"twitter:card\" content=\"summary_large_image\" \/>\n<meta name=\"twitter:site\" content=\"@grupogubia\" \/>\n<meta name=\"twitter:label1\" content=\"Est. reading time\" \/>\n\t<meta name=\"twitter:data1\" content=\"5 minutes\" \/>\n<script type=\"application\/ld+json\" class=\"yoast-schema-graph\">{\"@context\":\"https:\/\/schema.org\",\"@graph\":[{\"@type\":\"WebPage\",\"@id\":\"https:\/\/grupogubia.com\/en\/cookies-policy\/\",\"url\":\"https:\/\/grupogubia.com\/en\/cookies-policy\/\",\"name\":\"Cookies Policy - Grupo Gubia\",\"isPartOf\":{\"@id\":\"https:\/\/grupogubia.com\/en\/#website\"},\"datePublished\":\"2022-03-29T12:03:13+00:00\",\"dateModified\":\"2022-09-23T10:03:06+00:00\",\"inLanguage\":\"en-US\",\"potentialAction\":[{\"@type\":\"ReadAction\",\"target\":[\"https:\/\/grupogubia.com\/en\/cookies-policy\/\"]}]},{\"@type\":\"WebSite\",\"@id\":\"https:\/\/grupogubia.com\/en\/#website\",\"url\":\"https:\/\/grupogubia.com\/en\/\",\"name\":\"Grupo Gubia\",\"description\":\"Arquitectura y dise\u00f1o en madera\",\"publisher\":{\"@id\":\"https:\/\/grupogubia.com\/en\/#organization\"},\"potentialAction\":[{\"@type\":\"SearchAction\",\"target\":{\"@type\":\"EntryPoint\",\"urlTemplate\":\"https:\/\/grupogubia.com\/en\/?s={search_term_string}\"},\"query-input\":{\"@type\":\"PropertyValueSpecification\",\"valueRequired\":true,\"valueName\":\"search_term_string\"}}],\"inLanguage\":\"en-US\"},{\"@type\":\"Organization\",\"@id\":\"https:\/\/grupogubia.com\/en\/#organization\",\"name\":\"Grupo Gubia\",\"url\":\"https:\/\/grupogubia.com\/en\/\",\"logo\":{\"@type\":\"ImageObject\",\"inLanguage\":\"en-US\",\"@id\":\"https:\/\/grupogubia.com\/en\/#\/schema\/logo\/image\/\",\"url\":\"https:\/\/grupogubia.com\/wp-content\/uploads\/2022\/02\/logo-gubia-negro-c.png\",\"contentUrl\":\"https:\/\/grupogubia.com\/wp-content\/uploads\/2022\/02\/logo-gubia-negro-c.png\",\"width\":243,\"height\":240,\"caption\":\"Grupo Gubia\"},\"image\":{\"@id\":\"https:\/\/grupogubia.com\/en\/#\/schema\/logo\/image\/\"},\"sameAs\":[\"https:\/\/www.facebook.com\/GrupoGUBIA.Espacios.en.madera\",\"https:\/\/x.com\/grupogubia\",\"https:\/\/www.instagram.com\/grupogubia\/\",\"https:\/\/www.linkedin.com\/company\/grupo-gubia\/\",\"http:\/\/pinterest.com\/grupogubia\/\"]}]}<\/script>\n<!-- \/ Yoast SEO plugin. -->","yoast_head_json":{"title":"Cookies Policy - Grupo Gubia","robots":{"index":"index","follow":"follow","max-snippet":"max-snippet:-1","max-image-preview":"max-image-preview:large","max-video-preview":"max-video-preview:-1"},"canonical":"https:\/\/grupogubia.com\/en\/cookies-policy\/","og_locale":"en_US","og_type":"article","og_title":"Cookies Policy - Grupo Gubia","og_description":"Pol\u00edtica de Cookies En cumplimiento con el art\u00edculo 22 de la Ley 34\/2002, de 11 de julio, de servicios de la sociedad de la informaci\u00f3n y de comercio electr\u00f3nico (LSSI), en relaci\u00f3n con el Reglamento (UE) 2016\/679 del Parlamento Europeo y del Consejo, de 27 de abril de 2016, General de Protecci\u00f3n de Datos (RGPD) [&hellip;]","og_url":"https:\/\/grupogubia.com\/en\/cookies-policy\/","og_site_name":"Grupo Gubia","article_publisher":"https:\/\/www.facebook.com\/GrupoGUBIA.Espacios.en.madera","article_modified_time":"2022-09-23T10:03:06+00:00","twitter_card":"summary_large_image","twitter_site":"@grupogubia","twitter_misc":{"Est. reading time":"5 minutes"},"schema":{"@context":"https:\/\/schema.org","@graph":[{"@type":"WebPage","@id":"https:\/\/grupogubia.com\/en\/cookies-policy\/","url":"https:\/\/grupogubia.com\/en\/cookies-policy\/","name":"Cookies Policy - Grupo Gubia","isPartOf":{"@id":"https:\/\/grupogubia.com\/en\/#website"},"datePublished":"2022-03-29T12:03:13+00:00","dateModified":"2022-09-23T10:03:06+00:00","inLanguage":"en-US","potentialAction":[{"@type":"ReadAction","target":["https:\/\/grupogubia.com\/en\/cookies-policy\/"]}]},{"@type":"WebSite","@id":"https:\/\/grupogubia.com\/en\/#website","url":"https:\/\/grupogubia.com\/en\/","name":"Grupo Gubia","description":"Arquitectura y dise\u00f1o en madera","publisher":{"@id":"https:\/\/grupogubia.com\/en\/#organization"},"potentialAction":[{"@type":"SearchAction","target":{"@type":"EntryPoint","urlTemplate":"https:\/\/grupogubia.com\/en\/?s={search_term_string}"},"query-input":{"@type":"PropertyValueSpecification","valueRequired":true,"valueName":"search_term_string"}}],"inLanguage":"en-US"},{"@type":"Organization","@id":"https:\/\/grupogubia.com\/en\/#organization","name":"Grupo Gubia","url":"https:\/\/grupogubia.com\/en\/","logo":{"@type":"ImageObject","inLanguage":"en-US","@id":"https:\/\/grupogubia.com\/en\/#\/schema\/logo\/image\/","url":"https:\/\/grupogubia.com\/wp-content\/uploads\/2022\/02\/logo-gubia-negro-c.png","contentUrl":"https:\/\/grupogubia.com\/wp-content\/uploads\/2022\/02\/logo-gubia-negro-c.png","width":243,"height":240,"caption":"Grupo Gubia"},"image":{"@id":"https:\/\/grupogubia.com\/en\/#\/schema\/logo\/image\/"},"sameAs":["https:\/\/www.facebook.com\/GrupoGUBIA.Espacios.en.madera","https:\/\/x.com\/grupogubia","https:\/\/www.instagram.com\/grupogubia\/","https:\/\/www.linkedin.com\/company\/grupo-gubia\/","http:\/\/pinterest.com\/grupogubia\/"]}]}},"_links":{"self":[{"href":"https:\/\/grupogubia.com\/en\/wp-json\/wp\/v2\/pages\/91464","targetHints":{"allow":["GET"]}}],"collection":[{"href":"https:\/\/grupogubia.com\/en\/wp-json\/wp\/v2\/pages"}],"about":[{"href":"https:\/\/grupogubia.com\/en\/wp-json\/wp\/v2\/types\/page"}],"author":[{"embeddable":true,"href":"https:\/\/grupogubia.com\/en\/wp-json\/wp\/v2\/users\/2"}],"replies":[{"embeddable":true,"href":"https:\/\/grupogubia.com\/en\/wp-json\/wp\/v2\/comments?post=91464"}],"version-history":[{"count":4,"href":"https:\/\/grupogubia.com\/en\/wp-json\/wp\/v2\/pages\/91464\/revisions"}],"predecessor-version":[{"id":93326,"href":"https:\/\/grupogubia.com\/en\/wp-json\/wp\/v2\/pages\/91464\/revisions\/93326"}],"wp:attachment":[{"href":"https:\/\/grupogubia.com\/en\/wp-json\/wp\/v2\/media?parent=91464"}],"curies":[{"name":"wp","href":"https:\/\/api.w.org\/{rel}","templated":true}]}}